{"id":35,"date":"2018-02-19T16:51:43","date_gmt":"2018-02-19T16:51:43","guid":{"rendered":"http:\/\/janatxo.com?page_id=35"},"modified":"2025-11-16T20:06:40","modified_gmt":"2025-11-16T19:06:40","slug":"platos","status":"publish","type":"page","link":"https:\/\/janatxo.com?page_id=35","title":{"rendered":"Platos"},"content":{"rendered":"<h6 style=\"text-align: center;\"><span style=\"color: #000080;\">Primeros platos<\/span><\/h6>\n<table style=\"height: 85px;\" width=\"935\">\n<tbody>\n<tr>\n<td style=\"width: 460px; text-align: center;\">FR\u00cdOS<\/td>\n<td style=\"text-align: center; width: 460px;\">CALIENTES<\/td>\n<\/tr>\n<tr>\n<td style=\"width: 460px;\">\n<ul>\n<li>Ensalada mixta<\/li>\n<li>Ensaladilla rusa<\/li>\n<li>Pat\u00e9<\/li>\n<li>Jam\u00f3n<\/li>\n<li>Surtido ib\u00e9rico<\/li>\n<li>Langostinos cocidos<\/li>\n<li>Esp\u00e1rragos<\/li>\n<\/ul>\n<\/td>\n<td style=\"text-align: center; width: 460px;\">\n<ul>\n<li style=\"text-align: left;\">Ensalada templada<\/li>\n<li style=\"text-align: left;\">Chorizo a la sidra<\/li>\n<li style=\"text-align: left;\">Hojaldres rellenos<\/li>\n<li style=\"text-align: left;\">Hojaldres de vieira<\/li>\n<li style=\"text-align: left;\">Fritos<\/li>\n<li style=\"text-align: left;\">Revuelto de ajos y gambas<\/li>\n<li style=\"text-align: left;\">Pulpo<\/li>\n<li style=\"text-align: left;\">Sopa de pescado<\/li>\n<li style=\"text-align: left;\">Caldo<\/li>\n<\/ul>\n<\/td>\n<\/tr>\n<\/tbody>\n<\/table>\n<h6 style=\"text-align: center;\"><span style=\"color: #000080;\">Segundos platos<\/span><\/h6>\n<table style=\"height: 60px;\" width=\"916\">\n<tbody>\n<tr>\n<td style=\"width: 298.4px;\">\n<ul>\n<li>Merluza frita<\/li>\n<li>Merluza con almejas<\/li>\n<li>Merluza a la koxkera<\/li>\n<li>Bacalao a la vizca\u00edna<\/li>\n<li>Bacalao en salsa verde<\/li>\n<li>Ajoarriero<\/li>\n<li>Chipirones en su tinta<\/li>\n<li>Almejas a la marinera<\/li>\n<li>Paella mixta, de carne o de marisco<\/li>\n<\/ul>\n<\/td>\n<td style=\"width: 298.4px;\">\n<ul>\n<li>Jam\u00f3n con tomate<\/li>\n<li>Tortilla de patatas<\/li>\n<li>Tortilla rellena<\/li>\n<li>Solomillo relleno<\/li>\n<li>Muslo de pollo relleno<\/li>\n<li>Pollo asado<\/li>\n<li>Pollo en salsa<\/li>\n<li>Picantones<\/li>\n<\/ul>\n<\/td>\n<td style=\"width: 299.2px;\">\n<ul>\n<li>Guisado de ternera<\/li>\n<li>Carrilleras en salsa<\/li>\n<li>Lengua en salsa<\/li>\n<li>Morros de ternera<\/li>\n<li>Redondo de ternera<\/li>\n<li>Cordero en chilindr\u00f3n<\/li>\n<li>Manitas de cerdo<\/li>\n<li>Callos<\/li>\n<li>Alb\u00f3ndigas<\/li>\n<\/ul>\n<\/td>\n<\/tr>\n<\/tbody>\n<\/table>\n<h6 style=\"text-align: center;\"><span style=\"color: #000080;\">Postres<\/span><\/h6>\n<table style=\"height: 144px;\" width=\"919\">\n<tbody>\n<tr>\n<td style=\"width: 452px;\">\n<ul>\n<li>Tarta de manzana<\/li>\n<li>Tarta de cuajada<\/li>\n<li>Tarta de queso<\/li>\n<li>Tarta de pi\u00f1a<\/li>\n<li>Tarta de hojaldre<\/li>\n<li>Tarta de tres chocolates<\/li>\n<li>Brazo gitano<\/li>\n<\/ul>\n<\/td>\n<td style=\"width: 452px;\">\n<ul>\n<li>Flan de huevo<\/li>\n<li>Goxua<\/li>\n<li>Arroz con leche<\/li>\n<li>Crema catalana<\/li>\n<li>Mousse de lim\u00f3n<\/li>\n<li>Valenciano<\/li>\n<li>Bizcocho de yogurt<\/li>\n<\/ul>\n<\/td>\n<\/tr>\n<\/tbody>\n<\/table>\n<p style=\"text-align: center;\"><a href=\"https:\/\/janatxo.com\/lunch-y-aperitivos\/\">Servicio de lunch\/aperitivo<\/a><\/p>\n<p style=\"text-align: center;\"><strong><a href=\"https:\/\/janatxo.com\/es\/contacto\/\"><span style=\"color: #3366ff;\">Consultar otras sugerencias<\/span><\/a><\/strong><\/p>\n","protected":false},"excerpt":{"rendered":"<p>Primeros platos FR\u00cdOS CALIENTES Ensalada mixta Ensaladilla rusa Pat\u00e9 Jam\u00f3n Surtido ib\u00e9rico Langostinos cocidos Esp\u00e1rragos Ensalada templada Chorizo a la<\/p>\n","protected":false},"author":1,"featured_media":0,"parent":0,"menu_order":0,"comment_status":"closed","ping_status":"closed","template":"","meta":{"colormag_page_container_layout":"default_layout","colormag_page_sidebar_layout":"default_layout","footnotes":""},"class_list":["post-35","page","type-page","status-publish","hentry"],"_links":{"self":[{"href":"https:\/\/janatxo.com\/index.php?rest_route=\/wp\/v2\/pages\/35","targetHints":{"allow":["GET"]}}],"collection":[{"href":"https:\/\/janatxo.com\/index.php?rest_route=\/wp\/v2\/pages"}],"about":[{"href":"https:\/\/janatxo.com\/index.php?rest_route=\/wp\/v2\/types\/page"}],"author":[{"embeddable":true,"href":"https:\/\/janatxo.com\/index.php?rest_route=\/wp\/v2\/users\/1"}],"replies":[{"embeddable":true,"href":"https:\/\/janatxo.com\/index.php?rest_route=%2Fwp%2Fv2%2Fcomments&post=35"}],"version-history":[{"count":26,"href":"https:\/\/janatxo.com\/index.php?rest_route=\/wp\/v2\/pages\/35\/revisions"}],"predecessor-version":[{"id":545,"href":"https:\/\/janatxo.com\/index.php?rest_route=\/wp\/v2\/pages\/35\/revisions\/545"}],"wp:attachment":[{"href":"https:\/\/janatxo.com\/index.php?rest_route=%2Fwp%2Fv2%2Fmedia&parent=35"}],"curies":[{"name":"wp","href":"https:\/\/api.w.org\/{rel}","templated":true}]}}